{"id":11343,"date":"2023-01-16T17:16:49","date_gmt":"2023-01-16T14:16:49","guid":{"rendered":"https:\/\/n1-casino-online.com\/?page_id=11343"},"modified":"2023-01-24T11:07:31","modified_gmt":"2023-01-24T08:07:31","slug":"bet-on-tennis","status":"publish","type":"page","link":"https:\/\/n1-casino-online.com\/de\/n1bet\/bet-on-tennis\/","title":{"rendered":"N1 Bet: Tenniswetten"},"content":{"rendered":"<p>Tennis ist eine der beliebtesten Einzelsportarten. Und gemessen an der Anzahl der Wetten beim Buchmacher N1 Bet liegt diese Disziplin definitiv unter den ersten drei. Nur der Fu\u00dfball \u00fcbertrifft es.<\/p>\n\n\n\n<p>Aufgrund der Besonderheiten des Spiels erfreuen sich Tenniswetten gro\u00dfer Beliebtheit. Das Spiel ist ziemlich dynamisch \u2013 nur ein paar Punkte k\u00f6nnen das Spiel entscheiden. Spiele werden in S\u00e4tze, S\u00e4tze f\u00fcr Spiele, Spiele f\u00fcr Punkte unterteilt \u2013 das bietet gro\u00dfartige M\u00f6glichkeiten f\u00fcr Live-Wetten. Schlie\u00dflich eignet sich ein Tennisspiel gut f\u00fcr die Analyse, insbesondere w\u00e4hrend des Spiels. Vergessen Sie nicht die gro\u00dfe Anzahl an Veranstaltungen, die fast das ganze Jahr \u00fcber angeboten werden.<\/p>\n\n\n\n<p>Bei N1 Bet Sportsbook k\u00f6nnen Sie zu den besten Konditionen Vorhersagen und Wetten zum Thema Tennis treffen. Wir bieten eine gro\u00dfe Auswahl an Turnieren, g\u00fcnstige und genaue Quoten und eine breite Liste an Veranstaltungen.<\/p>\n\n\n\n<h2>Wetten auf beliebte Tennisturniere<\/h2>\n\n\n\n<p>Die Tennissaison dauert von Januar bis November. Und w\u00e4hrend dieser Zeit k\u00f6nnen Sie beim Buchmacher N1 bet auf Tennis wetten. Wir erg\u00e4nzen das Angebot um Veranstaltungen von Tennisturnieren verschiedener Niveaus. Unter der Woche kann auf mehr als 20 Wettbewerbe gleichzeitig gewettet werden.<\/p>\n\n\n\n<p>Der Hauptvorteil von N1 Bet sind g\u00fcnstige Tennisquoten. Wir verwenden moderne Software, die es uns erm\u00f6glicht, die Quoten sowohl vor dem Spiel als auch live schnell zu aktualisieren. Und ein geschultes Analystenteam \u00fcberwacht die Linie detailliert und beugt Fehlern vor. Gleichzeitig bleibt das hohe Angebotsniveau erhalten. Im Live-Modus werden Sie nicht auf Marktsperren und gro\u00dfe Margen sto\u00dfen.<\/p>\n\n\n\n<div class=\"wp-block-columns\">\n<div class=\"wp-block-column\">\n<figure class=\"wp-block-image size-full\"><img loading=\"lazy\" width=\"390\" height=\"765\" src=\"https:\/\/n1-casino-online.com\/wp-content\/uploads\/2023\/01\/n1bet-014-min.png\" alt=\"Tenniswetten bei N1 Bet\" class=\"wp-image-11348\" srcset=\"https:\/\/n1-casino-online.com\/wp-content\/uploads\/2023\/01\/n1bet-014-min.png 390w, https:\/\/n1-casino-online.com\/wp-content\/uploads\/2023\/01\/n1bet-014-min-153x300.png 153w, https:\/\/n1-casino-online.com\/wp-content\/uploads\/2023\/01\/n1bet-014-min-6x12.png 6w\" sizes=\"(max-width: 390px) 100vw, 390px\" \/><\/figure>\n<\/div>\n\n\n\n<div class=\"wp-block-column\">\n<figure class=\"wp-block-image size-full\"><img loading=\"lazy\" width=\"386\" height=\"770\" src=\"https:\/\/n1-casino-online.com\/wp-content\/uploads\/2023\/01\/n1bet-015-min.png\" alt=\"Tennis bei N1 Bet\" class=\"wp-image-11349\" srcset=\"https:\/\/n1-casino-online.com\/wp-content\/uploads\/2023\/01\/n1bet-015-min.png 386w, https:\/\/n1-casino-online.com\/wp-content\/uploads\/2023\/01\/n1bet-015-min-150x300.png 150w, https:\/\/n1-casino-online.com\/wp-content\/uploads\/2023\/01\/n1bet-015-min-6x12.png 6w\" sizes=\"(max-width: 386px) 100vw, 386px\" \/><\/figure>\n<\/div>\n<\/div>\n\n\n\n<h2>ATP- und WTA-Turnierwetten<\/h2>\n\n\n\n<p>N1 Bet bietet Tennisvorhersagen und Wetten auf verschiedenen Ebenen. Die h\u00f6chsten Limits stehen f\u00fcr die prestigetr\u00e4chtigsten Tennisturniere \u2013 \u201eGrand Slam\u201c \u2013 zur Verf\u00fcgung. Wir decken alle vier Schl\u00fcsselereignisse des Jahres vollst\u00e4ndig ab: Australian Open, Roland Garros, Wimbledon, US Open.<\/p>\n\n\n\n<p>Jeder unserer Kunden kann bei allen Turnieren aus dem WTA- und ATP-Kalender auf Tennis wetten:<\/p>\n\n\n\n<ul><li>Masters- und Premier Series-Wettbewerbe;<\/li><li>ATP 500-, WTA500-Turniere;<\/li><li>ATP 250-, WTA250-Turniere.<\/li><\/ul>\n\n\n\n<p>Beim Buchmacher N1 Bet gibt es eine Linie f\u00fcr die Qualifikation f\u00fcr die Hauptturnier-Raster. Zus\u00e4tzlich zu den Kategorien Damen und Herren k\u00f6nnen Sie auch auf Paartennis, einschlie\u00dflich gemischter Mannschaften, wetten.<\/p>\n\n\n\n<h2>Wetten auf andere Ereignisse<\/h2>\n\n\n\n<p>Neben Majors und Gro\u00dfereignissen aus dem ATP- und WTA-Kalender k\u00f6nnen N1 Bet-Kunden bei Teamturnieren auf Tennis wetten. Den M\u00e4nnern steht der Davis Cup zur Verf\u00fcgung, den Frauen der Billie Jean King Cup. In der Warteschlange finden Sie auch den ATP Cup, den Hopman Cup, den Laver Cup und mehrere andere Ausstellungswettbewerbe.<\/p>\n\n\n\n<p>Der Buchmacher N1 Bet deckt Turniere und niedrigere Level ab \u2013 Herausforderer, ITF-Wettbewerbe. Und das alles ausnahmslos. Sie k\u00f6nnen online auf Tennis wetten, sogar auf Spiele mit kleinen afrikanischen Futures. Die Anzahl der ITF-Turniere pro Jahr \u00fcbersteigt 1000. Und hier finden Sie eine Zeile f\u00fcr jedes Spiel dieser Wettbewerbe.<\/p>\n\n\n\n<p>Die gr\u00f6\u00dfte Attraktion der Linie sind Spiele im Simulated-Reality-Format. Das bedeutet, dass sie auch dann verf\u00fcgbar sind, wenn keine echten Spiele und Turniere im Kalender stehen. Vom Konzept her \u00e4hnelt es virtuellem Tennis.<\/p>\n\n\n\n<h2>Hauptarten von Tenniswetten<\/h2>\n\n\n\n<p>N1 Bet bietet nicht nur die besten Tennisquoten, sondern auch eine gro\u00dfe Auswahl an Wetten. Zus\u00e4tzlich zu den Basisoptionen wie Punktest\u00e4nden, Gesamtsummen und Quoten finden Sie in der Zeile weitere Optionen:<\/p>\n\n\n\n<ul><li>Wetten festlegen;<\/li><li>Wird eines der Spiele mit 6:0 enden?<\/li><li>Genaue Punktzahl;<\/li><li>Gerade ungerade;<\/li><li>Wetten im Satz-\/Spielformat;<\/li><li>Wetten auf den Ausgang von Spielen und auf Punkte w\u00e4hrend des Spiels;<\/li><li>Rennen um eine bestimmte Anzahl an Unentschieden;<\/li><li>Kombinierte Optionen.<\/li><\/ul>\n\n\n\n<p>Vergessen Sie beim Platzieren einer Wette nicht, dass beim \u201eGrand Slam\u201c die Spiele der M\u00e4nner in f\u00fcnf S\u00e4tzen auf Sieg gespielt werden. Wimbledon f\u00fchrte im letzten Satz einen Tiebreak bei 12:12 ein, und in den USA wird der klassische Tiebreak bei 6:6 gespielt. Und bei den Australian Open wird im f\u00fcnften entscheidenden Spiel ein 6-6 Superbreak auf 10 Punkte gespielt.<\/p>\n\n\n\n<p>Hier k\u00f6nnen Sie nicht nur auf Tennisspiele, sondern auch auf die Ergebnisse von Turnieren wetten. Dar\u00fcber hinaus erscheinen langfristige Optionen oft sechs Monate vor Beginn des Wettbewerbs. Dies ist eine zus\u00e4tzliche Chance, beim Tennis einen lukrativen Preis zu erzielen.<\/p>\n\n\n\n<p>F\u00fcgen Sie Spiele und M\u00e4rkte zu Ihren Favoriten hinzu, \u00fcberpr\u00fcfen Sie aktuelle Statistiken und profitieren Sie von unseren lukrativen Boni. Dadurch erh\u00f6hen Sie die Effektivit\u00e4t Ihrer Wetten.<\/p>","protected":false},"excerpt":{"rendered":"<p>Tennis ist eine der beliebtesten Einzelsportarten. Und gemessen an der Anzahl der Wetten beim Buchmacher N1 Bet liegt diese Disziplin definitiv unter den ersten drei. Nur der Fu\u00dfball \u00fcbertrifft es. Aufgrund der Besonderheiten des Spiels erfreuen sich Tenniswetten gro\u00dfer Beliebtheit. Das Spiel ist ziemlich dynamisch \u2013 nur ein paar Punkte k\u00f6nnen das Blatt wenden \u2026<\/p>","protected":false},"author":1,"featured_media":0,"parent":11166,"menu_order":0,"comment_status":"closed","ping_status":"closed","template":"","meta":[],"amp_enabled":true,"_links":{"self":[{"href":"https:\/\/n1-casino-online.com\/de\/wp-json\/wp\/v2\/pages\/11343"}],"collection":[{"href":"https:\/\/n1-casino-online.com\/de\/wp-json\/wp\/v2\/pages"}],"about":[{"href":"https:\/\/n1-casino-online.com\/de\/wp-json\/wp\/v2\/types\/page"}],"author":[{"embeddable":true,"href":"https:\/\/n1-casino-online.com\/de\/wp-json\/wp\/v2\/users\/1"}],"replies":[{"embeddable":true,"href":"https:\/\/n1-casino-online.com\/de\/wp-json\/wp\/v2\/comments?post=11343"}],"version-history":[{"count":1,"href":"https:\/\/n1-casino-online.com\/de\/wp-json\/wp\/v2\/pages\/11343\/revisions"}],"predecessor-version":[{"id":11350,"href":"https:\/\/n1-casino-online.com\/de\/wp-json\/wp\/v2\/pages\/11343\/revisions\/11350"}],"up":[{"embeddable":true,"href":"https:\/\/n1-casino-online.com\/de\/wp-json\/wp\/v2\/pages\/11166"}],"wp:attachment":[{"href":"https:\/\/n1-casino-online.com\/de\/wp-json\/wp\/v2\/media?parent=11343"}],"curies":[{"name":"wp","href":"https:\/\/api.w.org\/{rel}","templated":true}]}}