{"id":11070,"date":"2021-07-07T18:32:58","date_gmt":"2021-07-07T15:32:58","guid":{"rendered":"https:\/\/n1-casino-online.com\/?page_id=11070"},"modified":"2021-11-19T19:26:35","modified_gmt":"2021-11-19T16:26:35","slug":"n1-casino-app","status":"publish","type":"page","link":"https:\/\/n1-casino-online.com\/pt\/n1-casino-app\/","title":{"rendered":"Aplicativo N1 Casino - link atual"},"content":{"rendered":"<p>A capacidade de instalar o aplicativo N1 Casino em um smartphone torna o processo de jogo mais conveniente e n\u00e3o vincula o jogador a um computador desktop, e programas especiais para PC garantem uma conex\u00e3o confi\u00e1vel com a Internet. Os jogadores usam voluntariamente esse software para ter acesso ao entretenimento do jogo, e \u00e9 por isso que as operadoras oferecem aplicativos funcionais para smartphones e computadores.<\/p>\n\n\n\n<a href=\"https:\/\/seobionic.info\/click.php?key=6anmuux579gp3uf0g6jk\" class=\"icon-app\" rel=\"nofollow noopener\">\n  <img loading=\"lazy\" class=\"icon-app__img\" src=\"\/wp-content\/uploads\/2021\/07\/google-play.ico\" alt=\"aplicativo\" width=\"85\" height=\"85\">\n  <p class=\"icon-app__title\">Android<\/p>\n<\/a>\n\n\n\n<h2>Vantagens e desvantagens do aplicativo<\/h2>\n\n\n\n<p>O N1 Casino mobile foi criado para a comodidade dos clientes e para atrair um p\u00fablico maior. Tais aplica\u00e7\u00f5es t\u00eam uma s\u00e9rie de vantagens ineg\u00e1veis:<\/p>\n\n\n\n<div class=\"wp-block-columns\">\n<div class=\"wp-block-column\" style=\"flex-basis:33.33%\">\n<figure class=\"wp-block-image size-large\"><img loading=\"lazy\" width=\"498\" height=\"745\" src=\"https:\/\/n1-casino-online.com\/wp-content\/uploads\/2021\/07\/n1-casino-app-min.png\" alt=\"Interface do aplicativo N1 Casino\" class=\"wp-image-11071\" srcset=\"https:\/\/n1-casino-online.com\/wp-content\/uploads\/2021\/07\/n1-casino-app-min.png 498w, https:\/\/n1-casino-online.com\/wp-content\/uploads\/2021\/07\/n1-casino-app-min-201x300.png 201w, https:\/\/n1-casino-online.com\/wp-content\/uploads\/2021\/07\/n1-casino-app-min-8x12.png 8w, https:\/\/n1-casino-online.com\/wp-content\/uploads\/2021\/07\/n1-casino-app-min-98x146.png 98w\" sizes=\"(max-width: 498px) 100vw, 498px\" \/><\/figure>\n<\/div>\n\n\n\n<div class=\"wp-block-column\" style=\"flex-basis:66.66%\">\n<ul id=\"block-02afdf00-7a2d-4114-a218-9709b593d16d\"><li>Acesso ao cassino de qualquer lugar com Wi-Fi ou internet m\u00f3vel. Ao mesmo tempo, esses aplicativos n\u00e3o ocupam muito espa\u00e7o na mem\u00f3ria do aparelho.<\/li><li>A funcionalidade corresponde \u00e0 vers\u00e3o desktop do recurso: voc\u00ea pode ativar b\u00f4nus, participar de torneios, reabastecer sua conta, jogar ca\u00e7a-n\u00edqueis no aplicativo por dinheiro com a retirada de ganhos, etc.<\/li><li>Registro de ponta a ponta. Voc\u00ea n\u00e3o precisa se registrar adicionalmente do seu telefone se tiver uma conta ativa.<\/li><li>Demonstra\u00e7\u00f5es gratuitas. Os jogadores podem executar qualquer slot de v\u00eddeo ou jogo de mesa no modo de teste gratuito.<\/li><\/ul>\n\n\n\n<p>A \u00fanica desvantagem da vers\u00e3o adaptada para dispositivos m\u00f3veis pode ser a falta de alguns t\u00edtulos na cole\u00e7\u00e3o apresentada. O aplicativo m\u00f3vel de cassinos online com slots de dinheiro real d\u00e1 acesso apenas a slots HTML5, mas at\u00e9 agora nem todos os provedores redesenharam seu portf\u00f3lio de acordo com esse requisito. No entanto, os maiores produtores lan\u00e7am m\u00e1quinas ca\u00e7a-n\u00edqueis h\u00e1 v\u00e1rios anos com novos padr\u00f5es em mente e refazem t\u00edtulos antigos que s\u00e3o especialmente populares entre os jogadores.<\/p>\n\n\n\n<p>Al\u00e9m disso, ao criar jogos, os provedores levam em considera\u00e7\u00e3o a especificidade dos dispositivos m\u00f3veis. Para eles, uma interface especial e modos de uso especiais s\u00e3o desenvolvidos. Por exemplo, o Wazdan oferece um recurso que aumenta a economia de carregamento do dispositivo 40% e a tecnologia Ultra Lite que preserva a qualidade da imagem e a velocidade de carregamento quando a conex\u00e3o com a Internet \u00e9 lenta. As m\u00e1quinas ca\u00e7a-n\u00edqueis no aplicativo N1 Casino possuem apenas um bot\u00e3o Iniciar e um controle de n\u00edvel de aposta.<\/p>\n<\/div>\n<\/div>\n\n\n\n<h2>interface m\u00f3vel<\/h2>\n\n\n\n<p>A interface do jogo na tela pequena \u00e9 ligeiramente modificada em compara\u00e7\u00e3o com a vers\u00e3o para desktop, portanto, jogar no aplicativo do cassino por dinheiro do seu telefone, gerenciar slots e slots \u00e9 bastante conveniente. O menu principal fica oculto em caixas suspensas e os links para as se\u00e7\u00f5es principais s\u00e3o colocados permanentemente na parte superior ou inferior da tela. Al\u00e9m disso, um bot\u00e3o para chamar o chat online para contatar os especialistas de suporte est\u00e1 sempre \u00e0 vista.<\/p>\n\n\n\n<div class=\"wp-block-columns\">\n<div class=\"wp-block-column\">\n<figure class=\"wp-block-image size-large\"><img loading=\"lazy\" width=\"492\" height=\"741\" src=\"https:\/\/n1-casino-online.com\/wp-content\/uploads\/2021\/07\/n1-casino-app-1-min.png\" alt=\"APKs de Slots no cassino N1\" class=\"wp-image-11072\" srcset=\"https:\/\/n1-casino-online.com\/wp-content\/uploads\/2021\/07\/n1-casino-app-1-min.png 492w, https:\/\/n1-casino-online.com\/wp-content\/uploads\/2021\/07\/n1-casino-app-1-min-199x300.png 199w, https:\/\/n1-casino-online.com\/wp-content\/uploads\/2021\/07\/n1-casino-app-1-min-8x12.png 8w, https:\/\/n1-casino-online.com\/wp-content\/uploads\/2021\/07\/n1-casino-app-1-min-97x146.png 97w\" sizes=\"(max-width: 492px) 100vw, 492px\" \/><\/figure>\n<\/div>\n\n\n\n<div class=\"wp-block-column\">\n<figure class=\"wp-block-image size-large\"><img loading=\"lazy\" width=\"495\" height=\"743\" src=\"https:\/\/n1-casino-online.com\/wp-content\/uploads\/2021\/07\/n1-casino-app-2-min.png\" alt=\"Jogos do aplicativo N1 Casino\" class=\"wp-image-11077\" srcset=\"https:\/\/n1-casino-online.com\/wp-content\/uploads\/2021\/07\/n1-casino-app-2-min.png 495w, https:\/\/n1-casino-online.com\/wp-content\/uploads\/2021\/07\/n1-casino-app-2-min-200x300.png 200w, https:\/\/n1-casino-online.com\/wp-content\/uploads\/2021\/07\/n1-casino-app-2-min-8x12.png 8w, https:\/\/n1-casino-online.com\/wp-content\/uploads\/2021\/07\/n1-casino-app-2-min-97x146.png 97w\" sizes=\"(max-width: 495px) 100vw, 495px\" \/><\/figure>\n<\/div>\n<\/div>\n\n\n\n<p>Como os servi\u00e7os de distribui\u00e7\u00e3o digital do Google Play e da AppStore imp\u00f5em restri\u00e7\u00f5es r\u00edgidas aos programas de jogos de azar, voc\u00ea pode baixar o apk do cassino N1 no seu telefone para jogar com dinheiro real no site oficial. O download requer um link para o arquivo apk e permiss\u00e3o do usu\u00e1rio para instalar e executar o programa. Abaixo seguem instru\u00e7\u00f5es detalhadas, e em caso de dificuldades, o cliente pode sempre consultar o departamento de atendimento ao cliente.<\/p>\n\n\n\n<h2>Download do aplicativo do cassino N1 - como instalar o cassino<\/h2>\n\n\n\n<ol><li>download. Encontre o link de download em nosso site e clique nele.<\/li><li>Ativa\u00e7\u00e3o. Execute o aplicativo baixado e instale-o no seu dispositivo.<\/li><li>Reivindique seu b\u00f4nus. Pegue o b\u00f4nus oferecido. Use-o ao m\u00e1ximo para ganhar o m\u00e1ximo de dinheiro poss\u00edvel.<\/li><\/ol>\n\n\n\n<p>Aqueles que baixam o aplicativo de pagamento do cassino para Android podem n\u00e3o estar acostumados a usar os recursos em uma pequena tela de smartphone se j\u00e1 jogaram no site antes. Cada institui\u00e7\u00e3o tenta tornar o aplicativo o mais conveniente poss\u00edvel, mas voc\u00ea precisa se acostumar com o menu vertical e os bot\u00f5es de controle incomuns nos slots. Leva apenas algumas horas de pr\u00e1tica para se acostumar e se sentir como um peixe na \u00e1gua.&nbsp;<\/p>\n\n\n\n<h2>Registro e verifica\u00e7\u00e3o de conta atrav\u00e9s do aplicativo de cassino N1<\/h2>\n\n\n\n<p>Felizmente, ambos os processos importantes podem ser executados a partir do aplicativo instalado. Para se inscrever, forne\u00e7a seus dados pessoais:<\/p>\n\n\n\n<ul><li>Nome e sobrenome<\/li><li>Data de nascimento<\/li><li>Pa\u00eds natal<\/li><li>N\u00famero de telefone<\/li><li>Escolha a moeda da sua conta de jogo.<\/li><\/ul>\n\n\n\n<p>\u00c9 importante fornecer dados verdadeiros e precisos. No futuro, quando voc\u00ea sacar grandes quantias de dinheiro (ou apenas coincidir com as estrelas), ser\u00e1 solicitada uma verifica\u00e7\u00e3o. Se for detectada fraude - voc\u00ea pode esquecer o dinheiro na conta ou pedir perd\u00e3o \u00e0 administra\u00e7\u00e3o.<\/p>\n\n\n\n<p>A verifica\u00e7\u00e3o \u00e9 feita uma \u00fanica vez, no processo o jogador fornece os dados necess\u00e1rios sobre si mesmo, para que o clube tenha certeza de que \u00e9 voc\u00ea quem est\u00e1 jogando e o dinheiro est\u00e1 conectado com voc\u00ea. Isso ajuda a descartar muitos tipos de fraude.<\/p>\n\n\n\n<h2>Seguran\u00e7a&nbsp;<\/h2>\n\n\n\n<p>Nosso <a href=\"https:\/\/n1-casino-online.com\/pt\/\">casino online<\/a> fornece uma plataforma de videogame segura e protegida, utilizando a mais recente inova\u00e7\u00e3o de criptografia de arquivo SSL. Somos legalmente licenciados pela Malta Gaming Authority, atendemos todas as altas demandas do mercado tanto em nosso site quanto em nosso melhor aplicativo de apostas.<\/p>\n\n\n\n<p>Clique no recurso de download do aplicativo do cassino em nosso site para baixar o aplicativo N1 e come\u00e7ar a jogar imediatamente. Com auditorias de seguran\u00e7a de rotina e verifica\u00e7\u00f5es de empresas como McAfee, MDS, FS Antifraud Tool e eCogra, voc\u00ea n\u00e3o precisa se preocupar com sua seguran\u00e7a ao mergulhar no apk do N1 Casino.<\/p>\n\n\n\n<h2>Sistemas de pagamento: como retirar ganhos do aplicativo<\/h2>\n\n\n\n<p>Felizmente, o cassino oferece uma lista id\u00eantica de sistemas de pagamento dispon\u00edveis, tanto para quem joga pelo site quanto para os clientes que baixaram o N1 casino mobile.<\/p>\n\n\n\n<p>Os mais populares deles s\u00e3o:<\/p>\n\n\n\n<ul><li>Cart\u00f5es Visa e Mastercard<\/li><li>QIWI, Yandex.Money, carteiras online WebMoney<\/li><li>Pagamentos alternativos Neteller, Skrill<\/li><li>Criptomoedas Bitcoin, Ethereum<\/li><\/ul>\n\n\n\n<p>A criptomoeda \u00e9 a melhor forma de sacar dinheiro - \u00e9 a forma mais an\u00f4nima e muitas vezes voc\u00ea nem precisa de verifica\u00e7\u00e3o para tais pagamentos. No entanto, nem todos os jogos estar\u00e3o dispon\u00edveis.<\/p>\n\n\n\n<p>Em segundo lugar est\u00e3o os web bags. As retiradas s\u00e3o recebidas em 2 a 3 dias, mas, na pr\u00e1tica, a maioria dos jogadores recebe seus pagamentos em apenas algumas horas.<\/p>\n\n\n\n<p>Os cart\u00f5es de pl\u00e1stico s\u00e3o os menos r\u00e1pidos, embora at\u00e9 agora a maioria dos jogadores que instalaram o cliente do cassino para Android usem esse m\u00e9todo. MasterCard n\u00e3o aceita pagamentos do cassino. Embora seja poss\u00edvel fazer um dep\u00f3sito a partir deste site. Isso s\u00f3 aumenta a confus\u00e3o, pois os ganhos s\u00f3 podem ser retirados para a conta da qual pelo menos um dep\u00f3sito foi feito. A transa\u00e7\u00e3o pode levar um tempo absurdamente longo, at\u00e9 7 dias \u00fateis.&nbsp;<\/p>","protected":false},"excerpt":{"rendered":"<p>A capacidade de instalar o aplicativo N1 Casino em um smartphone torna o processo de jogo mais conveniente e n\u00e3o vincula o jogador a um computador desktop, e programas especiais para PC garantem uma conex\u00e3o confi\u00e1vel com a Internet. Os jogadores usam voluntariamente esse software para ter acesso ao entretenimento do jogo, e \u00e9 por isso que as operadoras oferecem aplicativos funcionais para smartphones\u2026<\/p>","protected":false},"author":1,"featured_media":0,"parent":0,"menu_order":0,"comment_status":"closed","ping_status":"closed","template":"","meta":[],"amp_enabled":true,"_links":{"self":[{"href":"https:\/\/n1-casino-online.com\/pt\/wp-json\/wp\/v2\/pages\/11070"}],"collection":[{"href":"https:\/\/n1-casino-online.com\/pt\/wp-json\/wp\/v2\/pages"}],"about":[{"href":"https:\/\/n1-casino-online.com\/pt\/wp-json\/wp\/v2\/types\/page"}],"author":[{"embeddable":true,"href":"https:\/\/n1-casino-online.com\/pt\/wp-json\/wp\/v2\/users\/1"}],"replies":[{"embeddable":true,"href":"https:\/\/n1-casino-online.com\/pt\/wp-json\/wp\/v2\/comments?post=11070"}],"version-history":[{"count":5,"href":"https:\/\/n1-casino-online.com\/pt\/wp-json\/wp\/v2\/pages\/11070\/revisions"}],"predecessor-version":[{"id":11298,"href":"https:\/\/n1-casino-online.com\/pt\/wp-json\/wp\/v2\/pages\/11070\/revisions\/11298"}],"wp:attachment":[{"href":"https:\/\/n1-casino-online.com\/pt\/wp-json\/wp\/v2\/media?parent=11070"}],"curies":[{"name":"wp","href":"https:\/\/api.w.org\/{rel}","templated":true}]}}