{"id":11142,"date":"2021-07-09T15:15:27","date_gmt":"2021-07-09T12:15:27","guid":{"rendered":"https:\/\/n1-casino-online.com\/?page_id=11142"},"modified":"2021-12-28T14:11:11","modified_gmt":"2021-12-28T11:11:11","slug":"n1-casino-analiza-opinii-i-komentarzy","status":"publish","type":"page","link":"https:\/\/n1-casino-online.com\/pt\/n1-casino-analiza-opinii-i-komentarzy\/","title":{"rendered":"N1 Casino: an\u00e1lises e an\u00e1lises de coment\u00e1rios"},"content":{"rendered":"<p>As opini\u00f5es e experi\u00eancias dos jogadores sobre o trabalho do casino s\u00e3o um dos indicadores mais vis\u00edveis da qualidade e credibilidade de um clube de jogo. Portanto, voc\u00ea deve sempre avaliar cuidadosamente todos os coment\u00e1rios: negativos e positivos. Para uma revis\u00e3o completa das experi\u00eancias e an\u00e1lises do N1 Casino, elas s\u00e3o definitivamente levadas em considera\u00e7\u00e3o. Vamos comparar as impress\u00f5es e opini\u00f5es dos usu\u00e1rios, apontar pontos comuns e tirar conclus\u00f5es objetivas.<\/p>\n\n\n\n<p>Devido \u00e0 sua grande popularidade, <a href=\"https:\/\/n1-casino-online.com\/pt\/\">Cassino N1<\/a> recolhe opini\u00f5es em grande n\u00famero. Para que seja f\u00e1cil identificar as melhores caracter\u00edsticas da empresa e apontar diversos problemas e riscos.<\/p>\n\n\n\n<h2>Experi\u00eancia do N1 Casino: for\u00e7a no feedback do cliente.<\/h2>\n\n\n\n<p>Dentre as experi\u00eancias positivas com o N1, alguns pontos gerais podem ser citados, como:<\/p>\n\n\n\n<ul><li>Design simples e conveniente<\/li><li>Enorme sele\u00e7\u00e3o de excelentes jogos e slots licenciados<\/li><li>Excelentes promo\u00e7\u00f5es<\/li><li>Reabastecimento de conta conveniente e saques r\u00e1pidos<\/li><li>Aplicativo m\u00f3vel otimizado e de alta qualidade<\/li><li>Suporte profissional 24 horas por dia<\/li><\/ul>\n\n\n\n<p>\u00c9 por isso que os jogadores verificam o bate-papo online, onde voc\u00ea pode entrar em contato rapidamente com o suporte e obter uma resposta. Portanto, pode-se dizer que o cassino cria a atmosfera perfeita para mergulhar no mundo do entretenimento do jogo. Na N1, o atendimento ao cliente \u00e9 consistentemente alto.<\/p>\n\n\n\n<h2>Impress\u00f5es de problemas<\/h2>\n\n\n\n<p>Claro, tamb\u00e9m devemos levar em considera\u00e7\u00e3o o feedback negativo. O N1 tem sua merecida popularidade e, claro, n\u00e3o faltam opini\u00f5es de clientes insatisfeitos. Levamos suas opini\u00f5es em considera\u00e7\u00e3o. Tamb\u00e9m definimos a causa dos problemas e determinamos se o cassino online est\u00e1 trapaceando ou n\u00e3o.<\/p>\n\n\n\n<p>Alguns jogadores n\u00e3o est\u00e3o satisfeitos com os pagamentos. Eles escreveram que a confirma\u00e7\u00e3o da aprova\u00e7\u00e3o do pedido de retirada pode demorar. Mas se avaliarmos as respostas dos funcion\u00e1rios, veremos que esses jogadores indicaram m\u00e9todos e servi\u00e7os que n\u00e3o foram registrados para voc\u00ea. Por isso o registo demorou tanto e foi novamente questionado e conferido e verificado pelos servi\u00e7os de seguran\u00e7a.<\/p>\n\n\n\n<p>Outro motivo de insatisfa\u00e7\u00e3o \u00e9 a incapacidade de sacar os b\u00f4nus recebidos. No entanto, aqui os pr\u00f3prios jogadores em suas opini\u00f5es dizem que leem os termos do jogo de cassino superficialmente. Uma pequena parcela dos cadastros indicava dados incorretos, por isso a revis\u00e3o teve que ser realizada novamente. \u00c9 a\u00ed que as cr\u00edticas ruins terminam.<\/p>\n\n\n\n<h2>Seguran\u00e7a e regulamenta\u00e7\u00e3o<\/h2>\n\n\n\n<p>O cassino online N1 opera sob uma licen\u00e7a de jogo v\u00e1lida emitida pela Malta Gaming Authority. Claro, voc\u00ea tamb\u00e9m sabe que tal licenciamento vem com poucas verifica\u00e7\u00f5es e regras r\u00edgidas. Portanto, o operador deve provar que \u00e9 absolutamente id\u00f4neo e seguro. Esta \u00e9 uma vantagem para os jogadores: se o operador n\u00e3o for mais capaz de atender aos requisitos da Cura\u00e7ao Gambling Authority, a licen\u00e7a ser\u00e1 revogada imediatamente. Voc\u00ea pode verificar o status de validade da licen\u00e7a a qualquer momento no site do cassino para garantir sua seguran\u00e7a. As empresas por tr\u00e1s do N1 tamb\u00e9m s\u00e3o licenciadas e, portanto, atendem a todos os requisitos que os jogadores exigentes exigem de si mesmos.<\/p>\n\n\n\n<p>Institui\u00e7\u00f5es independentes pesquisam o cassino h\u00e1 muito tempo para garantir que as condi\u00e7\u00f5es locais sejam seguras e justas. Por exemplo, a empresa foi auditada pela eCOGRA, que tamb\u00e9m verifica o gerador de n\u00fameros aleat\u00f3rios do fornecedor. A coopera\u00e7\u00e3o da operadora com o McAfee Secure garante a transmiss\u00e3o segura de dados. O que mais pode ser enfatizado aqui? A empresa trabalha com outras institui\u00e7\u00f5es, como a GamCare, para promover o jogo respons\u00e1vel e oferecer assist\u00eancia adequada para o v\u00edcio do jogo.<\/p>\n\n\n\n<h2>Experi\u00eancia de atendimento ao cliente N1<\/h2>\n\n\n\n<p>Se voc\u00ea tiver alguma d\u00favida ou quiser se livrar de sua ansiedade, entre em contato com a equipe do cassino. Isso \u00e9 poss\u00edvel n\u00e3o apenas via chat ao vivo, mas tamb\u00e9m por telefone e e-mail. Infelizmente, o cassino n\u00e3o est\u00e1 totalmente claro a que horas do dia a equipe est\u00e1 pronta, mas temos experi\u00eancia com o N1, onde a equipe faz o poss\u00edvel para atender \u00e0s suas preocupa\u00e7\u00f5es, mesmo \u00e0 noite. Voc\u00ea tamb\u00e9m pode acessar perguntas e respostas na janela de bate-papo ao vivo ou obter uma indica\u00e7\u00e3o direta de um membro da equipe. De qualquer forma, a equipe de suporte sempre pareceu dedicada e profissional para n\u00f3s. Sempre recebemos respostas por e-mail em algumas horas.<\/p>\n\n\n\n<h2>Cr\u00edticas N1: fraude ou n\u00e3o?<\/h2>\n\n\n\n<p>N\u00e3o h\u00e1 evid\u00eancias de que um cassino online possa ser uma farsa. Muitos parceiros de software, reputa\u00e7\u00e3o compartilhada e observa\u00e7\u00e3o sincera apontam na mesma dire\u00e7\u00e3o. Esta palavra teria se espalhado h\u00e1 muito tempo se o cassino estivesse trapaceando.<\/p>\n\n\n\n<p>Em suma, \u00e9 f\u00e1cil dizer que, de acordo com nossa experi\u00eancia, o N1 Casino \u00e9 um cassino online confi\u00e1vel e de qualidade, adequado para clientes novos e regulares. Uma grande variedade de m\u00e1quinas ca\u00e7a-n\u00edqueis, roletas e mesas de p\u00f4quer, confidencialidade de dados e excelente atendimento ao cliente tornam o cassino um local ideal para todos os f\u00e3s de jogos de azar.<\/p>","protected":false},"excerpt":{"rendered":"<p>As opini\u00f5es e experi\u00eancias dos jogadores sobre o trabalho do casino s\u00e3o um dos indicadores mais vis\u00edveis da qualidade e credibilidade de um clube de jogo. Portanto, voc\u00ea deve sempre avaliar cuidadosamente todos os coment\u00e1rios: negativos e positivos. Para uma revis\u00e3o completa das experi\u00eancias e an\u00e1lises do N1 Casino, elas s\u00e3o definitivamente levadas em considera\u00e7\u00e3o. Comparamos impress\u00f5es e\u2026<\/p>","protected":false},"author":1,"featured_media":20,"parent":0,"menu_order":0,"comment_status":"closed","ping_status":"closed","template":"","meta":[],"amp_enabled":true,"_links":{"self":[{"href":"https:\/\/n1-casino-online.com\/pt\/wp-json\/wp\/v2\/pages\/11142"}],"collection":[{"href":"https:\/\/n1-casino-online.com\/pt\/wp-json\/wp\/v2\/pages"}],"about":[{"href":"https:\/\/n1-casino-online.com\/pt\/wp-json\/wp\/v2\/types\/page"}],"author":[{"embeddable":true,"href":"https:\/\/n1-casino-online.com\/pt\/wp-json\/wp\/v2\/users\/1"}],"replies":[{"embeddable":true,"href":"https:\/\/n1-casino-online.com\/pt\/wp-json\/wp\/v2\/comments?post=11142"}],"version-history":[{"count":2,"href":"https:\/\/n1-casino-online.com\/pt\/wp-json\/wp\/v2\/pages\/11142\/revisions"}],"predecessor-version":[{"id":11154,"href":"https:\/\/n1-casino-online.com\/pt\/wp-json\/wp\/v2\/pages\/11142\/revisions\/11154"}],"wp:featuredmedia":[{"embeddable":true,"href":"https:\/\/n1-casino-online.com\/pt\/wp-json\/wp\/v2\/media\/20"}],"wp:attachment":[{"href":"https:\/\/n1-casino-online.com\/pt\/wp-json\/wp\/v2\/media?parent=11142"}],"curies":[{"name":"wp","href":"https:\/\/api.w.org\/{rel}","templated":true}]}}